{"id":1152,"date":"2022-10-02T14:08:07","date_gmt":"2022-10-02T12:08:07","guid":{"rendered":"http:\/\/www.obph.cz\/?page_id=1152"},"modified":"2023-12-01T11:56:37","modified_gmt":"2023-12-01T10:56:37","slug":"2020-65-rocnik","status":"publish","type":"page","link":"http:\/\/www.obph.cz\/index.php\/historie\/2020-65-rocnik\/","title":{"rendered":"2020 &#8211; 65. ro\u010dn\u00edk"},"content":{"rendered":"\n<p>65. ro\u010dn\u00edk Orienta\u010dn\u00edho b\u011bhu pra\u017esk\u00fdch horolezc\u016f v roce 2020 nebyl, &#8230; Skoro&#8230;<\/p>\n\n\n\n<p><a rel=\"noreferrer noopener\" href=\"http:\/\/www.obph.cz\/index.php\/65-rocnik-orientacniho-behu-prazskych-horolezcu-v-roce-2020-nebyl\/\" target=\"_blank\">V\u00edce tady<\/a><\/p>\n\n\n\n<p>Po\u0159adatel\u00e9: Lenka Ploutev Nov\u00e1kov\u00e1, Libor K\u0159\u00ed\u017e, Honza \u0160tykar<\/p>\n\n\n\n<p><a href=\"http:\/\/www.obph.cz\/wp-content\/uploads\/OBPH2020results-1-1.pdf\" target=\"_blank\" rel=\"noreferrer noopener\">V\u00fdsledky<\/a><\/p>\n","protected":false},"excerpt":{"rendered":"<p>65. ro\u010dn\u00edk Orienta\u010dn\u00edho b\u011bhu pra\u017esk\u00fdch horolezc\u016f v roce 2020 nebyl, &#8230; Skoro&#8230; V\u00edce tady Po\u0159adatel\u00e9: Lenka Ploutev Nov\u00e1kov\u00e1, Libor K\u0159\u00ed\u017e, Honza \u0160tykar V\u00fdsledky<\/p>\n","protected":false},"author":1,"featured_media":0,"parent":39,"menu_order":0,"comment_status":"closed","ping_status":"closed","template":"","meta":{"_mi_skip_tracking":false},"_links":{"self":[{"href":"http:\/\/www.obph.cz\/index.php\/wp-json\/wp\/v2\/pages\/1152"}],"collection":[{"href":"http:\/\/www.obph.cz\/index.php\/wp-json\/wp\/v2\/pages"}],"about":[{"href":"http:\/\/www.obph.cz\/index.php\/wp-json\/wp\/v2\/types\/page"}],"author":[{"embeddable":true,"href":"http:\/\/www.obph.cz\/index.php\/wp-json\/wp\/v2\/users\/1"}],"replies":[{"embeddable":true,"href":"http:\/\/www.obph.cz\/index.php\/wp-json\/wp\/v2\/comments?post=1152"}],"version-history":[{"count":2,"href":"http:\/\/www.obph.cz\/index.php\/wp-json\/wp\/v2\/pages\/1152\/revisions"}],"predecessor-version":[{"id":1398,"href":"http:\/\/www.obph.cz\/index.php\/wp-json\/wp\/v2\/pages\/1152\/revisions\/1398"}],"up":[{"embeddable":true,"href":"http:\/\/www.obph.cz\/index.php\/wp-json\/wp\/v2\/pages\/39"}],"wp:attachment":[{"href":"http:\/\/www.obph.cz\/index.php\/wp-json\/wp\/v2\/media?parent=1152"}],"curies":[{"name":"wp","href":"https:\/\/api.w.org\/{rel}","templated":true}]}}