{"id":1285,"date":"2023-09-13T19:07:16","date_gmt":"2023-09-13T17:07:16","guid":{"rendered":"http:\/\/www.obph.cz\/?page_id=1285"},"modified":"2023-12-01T11:57:30","modified_gmt":"2023-12-01T10:57:30","slug":"obph-2022","status":"publish","type":"page","link":"http:\/\/www.obph.cz\/index.php\/historie\/obph-2022\/","title":{"rendered":"OBPH 2022"},"content":{"rendered":"\n<p>Kdy: 11.\u201312. 11. 2022<\/p>\n\n\n\n<p>Kde: Horsk\u00e1 chata Radost, De\u0161tn\u00e9 v Orlick\u00fdch hor\u00e1ch<\/p>\n\n\n\n<p>Po\u0159adatel\u00e9:  Daniel Pek, \u0160imon Navr\u00e1til<\/p>\n\n\n\n<p>Po\u010det t\u00fdm\u016f: 103<\/p>\n\n\n\n<p>V\u00edt\u011bzov\u00e9: Mat\u011bj Burda, David Pustai<\/p>\n\n\n\n<p><a href=\"http:\/\/www.obph.cz\/wp-content\/uploads\/Pokyny2022.pdf\" target=\"_blank\" rel=\"noreferrer noopener\">Pokyny<\/a><\/p>\n\n\n\n<p><a href=\"http:\/\/www.obph.cz\/wp-content\/uploads\/OBPH-2022-vysledky-Celkove.pdf\">V\u00fdsledky<\/a><\/p>\n\n\n\n<p>Fotogalerie:  <a href=\"https:\/\/photos.google.com\/share\/AF1QipM5gaDU_-CPilegvBFcSmff5gqlzTaMLavsvMpKRdWvmAlVMNVFltWw23xCvyBHyg?key=M2VXT0E5QTJ3anF4cHhWbmRxdV9ONm5hYVFKNE9B\" target=\"_blank\" rel=\"noreferrer noopener\">sd\u00edlen\u00e1<\/a>, <a href=\"https:\/\/eu.zonerama.com\/elaontrip\/Album\/9135627\" target=\"_blank\" rel=\"noreferrer noopener\">elaprdela<\/a><\/p>\n\n\n\n<figure class=\"wp-block-image size-large\"><img loading=\"lazy\" width=\"1024\" height=\"683\" src=\"http:\/\/www.obph.cz\/wp-content\/uploads\/DSC00149-1024x683.jpg\" alt=\"\" class=\"wp-image-1287\" srcset=\"http:\/\/www.obph.cz\/wp-content\/uploads\/DSC00149-1024x683.jpg 1024w, http:\/\/www.obph.cz\/wp-content\/uploads\/DSC00149-300x200.jpg 300w, http:\/\/www.obph.cz\/wp-content\/uploads\/DSC00149-768x512.jpg 768w, http:\/\/www.obph.cz\/wp-content\/uploads\/DSC00149-1536x1024.jpg 1536w, http:\/\/www.obph.cz\/wp-content\/uploads\/DSC00149-360x240.jpg 360w, http:\/\/www.obph.cz\/wp-content\/uploads\/DSC00149.jpg 2048w\" sizes=\"(max-width: 1024px) 100vw, 1024px\" \/><\/figure>\n","protected":false},"excerpt":{"rendered":"<p>Kdy: 11.\u201312. 11. 2022 Kde: Horsk\u00e1 chata Radost, De\u0161tn\u00e9 v Orlick\u00fdch hor\u00e1ch Po\u0159adatel\u00e9: Daniel Pek, \u0160imon Navr\u00e1til Po\u010det t\u00fdm\u016f: 103 V\u00edt\u011bzov\u00e9: Mat\u011bj Burda, David Pustai Pokyny V\u00fdsledky Fotogalerie: sd\u00edlen\u00e1, elaprdela<\/p>\n","protected":false},"author":1,"featured_media":0,"parent":39,"menu_order":0,"comment_status":"closed","ping_status":"closed","template":"","meta":{"_mi_skip_tracking":false},"_links":{"self":[{"href":"http:\/\/www.obph.cz\/index.php\/wp-json\/wp\/v2\/pages\/1285"}],"collection":[{"href":"http:\/\/www.obph.cz\/index.php\/wp-json\/wp\/v2\/pages"}],"about":[{"href":"http:\/\/www.obph.cz\/index.php\/wp-json\/wp\/v2\/types\/page"}],"author":[{"embeddable":true,"href":"http:\/\/www.obph.cz\/index.php\/wp-json\/wp\/v2\/users\/1"}],"replies":[{"embeddable":true,"href":"http:\/\/www.obph.cz\/index.php\/wp-json\/wp\/v2\/comments?post=1285"}],"version-history":[{"count":2,"href":"http:\/\/www.obph.cz\/index.php\/wp-json\/wp\/v2\/pages\/1285\/revisions"}],"predecessor-version":[{"id":1298,"href":"http:\/\/www.obph.cz\/index.php\/wp-json\/wp\/v2\/pages\/1285\/revisions\/1298"}],"up":[{"embeddable":true,"href":"http:\/\/www.obph.cz\/index.php\/wp-json\/wp\/v2\/pages\/39"}],"wp:attachment":[{"href":"http:\/\/www.obph.cz\/index.php\/wp-json\/wp\/v2\/media?parent=1285"}],"curies":[{"name":"wp","href":"https:\/\/api.w.org\/{rel}","templated":true}]}}