{"id":1364,"date":"2023-11-15T09:07:19","date_gmt":"2023-11-15T08:07:19","guid":{"rendered":"http:\/\/www.obph.cz\/?page_id=1364"},"modified":"2023-12-01T11:57:34","modified_gmt":"2023-12-01T10:57:34","slug":"obph-2023","status":"publish","type":"page","link":"http:\/\/www.obph.cz\/index.php\/historie\/obph-2023\/","title":{"rendered":"OBPH 2023"},"content":{"rendered":"\n<p>Kdy: 10.\u201311. 11. 2023<\/p>\n\n\n\n<p>Kde: RS Doly B\u00edlina, Sloup v \u010cech\u00e1ch<\/p>\n\n\n\n<p>Po\u0159adatel\u00e9: Mat\u011bj Burda, David Pustai<\/p>\n\n\n\n<p>Po\u010det t\u00fdm\u016f: 118<\/p>\n\n\n\n<p>V\u00edt\u011bzov\u00e9: V\u00edt Zakou\u0159il, Kry\u0161tof Bogar<\/p>\n\n\n\n<p><a href=\"http:\/\/www.obph.cz\/wp-content\/uploads\/Pokyny2023.pdf\" target=\"_blank\" rel=\"noreferrer noopener\">Pokyny<\/a><\/p>\n\n\n\n<p><a href=\"http:\/\/www.obph.cz\/wp-content\/uploads\/Vysledky-OBPH-2023.pdf\" target=\"_blank\" rel=\"noreferrer noopener\">V\u00fdsledky<\/a><\/p>\n\n\n\n<p>Fotogalerie:\u00a0<a href=\"https:\/\/photos.app.goo.gl\/ETrTi3PuU3hTvsH67\" target=\"_blank\" rel=\"noreferrer noopener\">sd\u00edlen\u00e1<\/a>,\u00a0<a href=\"https:\/\/eu.zonerama.com\/elaontrip\/Album\/10660952#check-duplicates\" target=\"_blank\" rel=\"noreferrer noopener\">elaprdela<\/a><\/p>\n\n\n\n<figure class=\"wp-block-image size-large\"><img loading=\"lazy\" width=\"768\" height=\"1024\" src=\"http:\/\/www.obph.cz\/wp-content\/uploads\/401402775_728336895981064_6134362678856879690_n-768x1024.jpg\" alt=\"\" class=\"wp-image-1380\" srcset=\"http:\/\/www.obph.cz\/wp-content\/uploads\/401402775_728336895981064_6134362678856879690_n-768x1024.jpg 768w, http:\/\/www.obph.cz\/wp-content\/uploads\/401402775_728336895981064_6134362678856879690_n-225x300.jpg 225w, http:\/\/www.obph.cz\/wp-content\/uploads\/401402775_728336895981064_6134362678856879690_n-1152x1536.jpg 1152w, http:\/\/www.obph.cz\/wp-content\/uploads\/401402775_728336895981064_6134362678856879690_n.jpg 1536w\" sizes=\"(max-width: 768px) 100vw, 768px\" \/><\/figure>\n","protected":false},"excerpt":{"rendered":"<p>Kdy: 10.\u201311. 11. 2023 Kde: RS Doly B\u00edlina, Sloup v \u010cech\u00e1ch Po\u0159adatel\u00e9: Mat\u011bj Burda, David Pustai Po\u010det t\u00fdm\u016f: 118 V\u00edt\u011bzov\u00e9: V\u00edt Zakou\u0159il, Kry\u0161tof Bogar Pokyny V\u00fdsledky Fotogalerie:\u00a0sd\u00edlen\u00e1,\u00a0elaprdela<\/p>\n","protected":false},"author":1,"featured_media":0,"parent":39,"menu_order":0,"comment_status":"closed","ping_status":"closed","template":"","meta":{"_mi_skip_tracking":false},"_links":{"self":[{"href":"http:\/\/www.obph.cz\/index.php\/wp-json\/wp\/v2\/pages\/1364"}],"collection":[{"href":"http:\/\/www.obph.cz\/index.php\/wp-json\/wp\/v2\/pages"}],"about":[{"href":"http:\/\/www.obph.cz\/index.php\/wp-json\/wp\/v2\/types\/page"}],"author":[{"embeddable":true,"href":"http:\/\/www.obph.cz\/index.php\/wp-json\/wp\/v2\/users\/1"}],"replies":[{"embeddable":true,"href":"http:\/\/www.obph.cz\/index.php\/wp-json\/wp\/v2\/comments?post=1364"}],"version-history":[{"count":2,"href":"http:\/\/www.obph.cz\/index.php\/wp-json\/wp\/v2\/pages\/1364\/revisions"}],"predecessor-version":[{"id":1384,"href":"http:\/\/www.obph.cz\/index.php\/wp-json\/wp\/v2\/pages\/1364\/revisions\/1384"}],"up":[{"embeddable":true,"href":"http:\/\/www.obph.cz\/index.php\/wp-json\/wp\/v2\/pages\/39"}],"wp:attachment":[{"href":"http:\/\/www.obph.cz\/index.php\/wp-json\/wp\/v2\/media?parent=1364"}],"curies":[{"name":"wp","href":"https:\/\/api.w.org\/{rel}","templated":true}]}}