{"id":22,"date":"2016-10-11T17:30:47","date_gmt":"2016-10-11T15:30:47","guid":{"rendered":"http:\/\/www.obph.cz\/?page_id=22"},"modified":"2025-09-17T12:28:07","modified_gmt":"2025-09-17T10:28:07","slug":"kontakt","status":"publish","type":"page","link":"http:\/\/www.obph.cz\/index.php\/kontakt\/","title":{"rendered":"Kontakt"},"content":{"rendered":"<div bis_skin_checked=\"1\">\n<div bis_skin_checked=\"1\">\n<div bis_skin_checked=\"1\">\n<div bis_skin_checked=\"1\">\n<div bis_skin_checked=\"1\">70. ro\u010dn\u00edk OBPH 2024 pro v\u00e1s p\u0159ipravuj\u00ed v\u00edt\u011bzov\u00e9 69. ro\u010dn\u00edku<\/div>\n<div bis_skin_checked=\"1\"><strong>Daniel Pek a Vojt\u011bch Star\u00fd<\/strong><\/div>\n<\/div>\n<\/div>\n<\/div>\n<\/div>\n<div bis_skin_checked=\"1\">\n<hr \/>\n<div bis_skin_checked=\"1\">Dotazy, n\u00e1pady, p\u0159\u00e1n\u00ed a st\u00ed\u017enosti pi\u0161te na <strong>obph@email.cz<\/strong><\/div>\n<\/div>\n<div bis_skin_checked=\"1\"><\/div>\n","protected":false},"excerpt":{"rendered":"<p>70. ro\u010dn\u00edk OBPH 2024 pro v\u00e1s p\u0159ipravuj\u00ed v\u00edt\u011bzov\u00e9 69. ro\u010dn\u00edku Daniel Pek a Vojt\u011bch Star\u00fd Dotazy, n\u00e1pady, p\u0159\u00e1n\u00ed a st\u00ed\u017enosti pi\u0161te na obph@email.cz<\/p>\n","protected":false},"author":1,"featured_media":0,"parent":0,"menu_order":0,"comment_status":"closed","ping_status":"closed","template":"","meta":{"_mi_skip_tracking":false},"_links":{"self":[{"href":"http:\/\/www.obph.cz\/index.php\/wp-json\/wp\/v2\/pages\/22"}],"collection":[{"href":"http:\/\/www.obph.cz\/index.php\/wp-json\/wp\/v2\/pages"}],"about":[{"href":"http:\/\/www.obph.cz\/index.php\/wp-json\/wp\/v2\/types\/page"}],"author":[{"embeddable":true,"href":"http:\/\/www.obph.cz\/index.php\/wp-json\/wp\/v2\/users\/1"}],"replies":[{"embeddable":true,"href":"http:\/\/www.obph.cz\/index.php\/wp-json\/wp\/v2\/comments?post=22"}],"version-history":[{"count":20,"href":"http:\/\/www.obph.cz\/index.php\/wp-json\/wp\/v2\/pages\/22\/revisions"}],"predecessor-version":[{"id":1464,"href":"http:\/\/www.obph.cz\/index.php\/wp-json\/wp\/v2\/pages\/22\/revisions\/1464"}],"wp:attachment":[{"href":"http:\/\/www.obph.cz\/index.php\/wp-json\/wp\/v2\/media?parent=22"}],"curies":[{"name":"wp","href":"https:\/\/api.w.org\/{rel}","templated":true}]}}